{"id":103,"date":"2018-06-30T09:35:34","date_gmt":"2018-06-30T09:35:34","guid":{"rendered":"http:\/\/ohne-heisse-luft.de\/?page_id=103"},"modified":"2018-07-02T08:57:36","modified_gmt":"2018-07-02T08:57:36","slug":"impressum","status":"publish","type":"page","link":"http:\/\/ohne-heisse-luft.de\/?page_id=103","title":{"rendered":"Impressum"},"content":{"rendered":"<div class=\"impressum\">\n<p>Angaben gem\u00e4\u00df \u00a7 5 TMG <strong><br \/>\n<\/strong><\/p>\n<\/div>\n<div>\n<div class=\"impressum\">Prof. Dr. Christian Holler<br \/>\nc\/o Hochschule M\u00fcnchen<\/div>\n<div>Lothstr. 34<\/div>\n<div>80335 M\u00fcnchen<\/div>\n<div>Telefon: +49-89-1265-1620<\/div>\n<div class=\"impressum\">E-Mail: info (at) ohne-heisse-luft.de<\/div>\n<\/div>\n<h3><\/h3>\n<div class=\"impressum\">Prof. Dr. Joachim Gaukel<br \/>\nc\/o Hochschule Esslingen<br \/>\nRobert-Bosch-Str. 1<\/div>\n<div>73037 G\u00f6ppingen<\/div>\n<div>Telefon: +49-7161-679-1241<\/div>\n<div class=\"impressum\">E-Mail: info (at) ohne-heisse-luft.de<\/div>\n<p>&nbsp;<\/p>\n<div class=\"impressum\">\n<p><strong>Verantwortlich f\u00fcr den Inhalt nach \u00a7 55 Abs. 2 RStV:<br \/>\n<\/strong><\/p>\n<\/div>\n<div>\n<div class=\"impressum\">Prof. Dr. Christian Holler<br \/>\nc\/o Hochschule M\u00fcnchen<\/div>\n<div>Lothstr. 34<\/div>\n<div>80335 M\u00fcnchen<\/div>\n<div>Telefon: +49-89-1265-1620<\/div>\n<div class=\"impressum\">E-Mail: info (at) ohne-heisse-luft.de<\/div>\n<\/div>\n<h3><\/h3>\n<div class=\"impressum\">Prof. Dr. Joachim Gaukel<br \/>\nc\/o Hochschule Esslingen<br \/>\nRobert-Bosch-Str. 1<\/div>\n<div>73037 G\u00f6ppingen<\/div>\n<div>Telefon: +49-7161-679-1241<\/div>\n<div class=\"impressum\">E-Mail: info (at) ohne-heisse-luft.de<\/div>\n<h3><\/h3>\n<p>Der Nutzung von im Rahmen der Impressumspflicht ver\u00f6ffentlichten Kontaktdaten durch Dritte zur \u00dcbersendung von nicht ausdr\u00fccklich angeforderter Werbung und Informationsmaterialien wird hiermit ausdr\u00fccklich widersprochen. Die Betreiber der Seiten behalten sich ausdr\u00fccklich rechtliche Schritte im Falle der unverlangten Zusendung von Werbeinformationen, etwa durch Spam-Mails, vor.<\/p>\n<div id=\"link\">Impressum vom <a href=\"https:\/\/www.impressum-generator.de\">Impressum Generator<\/a> der <a href=\"https:\/\/www.kanzlei-hasselbach.de\/standorte\/bonn\/\">Kanzlei Hasselbach, Bonn<\/a><\/div>\n","protected":false},"excerpt":{"rendered":"<p>Angaben gem\u00e4\u00df \u00a7 5 TMG Prof. Dr. Christian Holler c\/o Hochschule M\u00fcnchen Lothstr. 34 80335 M\u00fcnchen Telefon: +49-89-1265-1620 E-Mail: info (at) ohne-heisse-luft.de Prof. Dr. Joachim Gaukel c\/o Hochschule Esslingen Robert-Bosch-Str. 1 73037 G\u00f6ppingen Telefon: +49-7161-679-1241 E-Mail: info (at) ohne-heisse-luft.de &nbsp; Verantwortlich f\u00fcr den Inhalt nach \u00a7 55 Abs. 2 RStV: Prof. Dr. Christian Holler c\/o &hellip; <\/p>\n<p class=\"link-more\"><a href=\"http:\/\/ohne-heisse-luft.de\/?page_id=103\" class=\"more-link\"><span class=\"screen-reader-text\">\u201eImpressum\u201c <\/span>weiterlesen<\/a><\/p>\n","protected":false},"author":1,"featured_media":0,"parent":0,"menu_order":0,"comment_status":"closed","ping_status":"closed","template":"","meta":{"footnotes":""},"class_list":["post-103","page","type-page","status-publish","hentry"],"_links":{"self":[{"href":"http:\/\/ohne-heisse-luft.de\/index.php?rest_route=\/wp\/v2\/pages\/103","targetHints":{"allow":["GET"]}}],"collection":[{"href":"http:\/\/ohne-heisse-luft.de\/index.php?rest_route=\/wp\/v2\/pages"}],"about":[{"href":"http:\/\/ohne-heisse-luft.de\/index.php?rest_route=\/wp\/v2\/types\/page"}],"author":[{"embeddable":true,"href":"http:\/\/ohne-heisse-luft.de\/index.php?rest_route=\/wp\/v2\/users\/1"}],"replies":[{"embeddable":true,"href":"http:\/\/ohne-heisse-luft.de\/index.php?rest_route=%2Fwp%2Fv2%2Fcomments&post=103"}],"version-history":[{"count":20,"href":"http:\/\/ohne-heisse-luft.de\/index.php?rest_route=\/wp\/v2\/pages\/103\/revisions"}],"predecessor-version":[{"id":148,"href":"http:\/\/ohne-heisse-luft.de\/index.php?rest_route=\/wp\/v2\/pages\/103\/revisions\/148"}],"wp:attachment":[{"href":"http:\/\/ohne-heisse-luft.de\/index.php?rest_route=%2Fwp%2Fv2%2Fmedia&parent=103"}],"curies":[{"name":"wp","href":"https:\/\/api.w.org\/{rel}","templated":true}]}}