{"id":347,"date":"2018-09-04T10:25:08","date_gmt":"2018-09-04T10:25:08","guid":{"rendered":"http:\/\/ohne-heisse-luft.de\/?page_id=347"},"modified":"2019-03-26T19:58:21","modified_gmt":"2019-03-26T19:58:21","slug":"material-zum-buch","status":"publish","type":"page","link":"http:\/\/ohne-heisse-luft.de\/?page_id=347","title":{"rendered":"Material zum Buch"},"content":{"rendered":"<ul>\n<li><strong>Photos und Graphiken aus dem Buch zum Download<\/strong><\/li>\n<\/ul>\n<p>Brauchen Sie Material f\u00fcr eine Vorlesung oder f\u00fcr den Unterricht? <strong><a href=\"http:\/\/ohne-heisse-luft.de\/wp-content\/uploads\/2019\/03\/Graphiken-und-Photos-aus-dem-Buch.zip\"><span style=\"color: #e26c33;\">Unter diesem Link<\/span><\/a><\/strong> finden Sie \u00fcber 200 Photos und Graphiken aus unserem Buch (au\u00dfer den wenigen, die nicht weitergegeben werden d\u00fcrfen). Dabei sind in einer Liste entweder direkt die Internetquellen der Bilder angegeben oder Sie finden die Bilder im angef\u00fcgten zip-Ordner. Beachten Sie bitte die jeweiligen Lizenzen und Bedingungen.<\/p>\n<hr \/>\n<ul>\n<li><strong>Kommentar von Felix Prinz zu L\u00f6wenstein<\/strong><\/li>\n<\/ul>\n<p>Wie im Buch angek\u00fcndigt k\u00f6nnen Sie hier eine kurze Argumentation zum Thema Biomasse in Deutschland von <strong>Felix Prinz zu L\u00f6wenstein<\/strong>, Biolandwirt und Autor mehrerer B\u00fccher zu dem Thema lesen: <span style=\"color: #556d33;\"><strong><a style=\"color: #556d33;\" href=\"http:\/\/ohne-heisse-luft.de\/wp-content\/uploads\/2018\/09\/Kommentar_zu_Loewenstein.pdf\">Wie sinnvoll ist es, Energie durch Pflanzen auf dem Acker zu erzeugen und wie viel Fl\u00e4che d\u00fcrfen wir daf\u00fcr in Anspruch nehmen?<\/a><\/strong><\/span><\/p>\n\n<hr \/>\n<ul>\n<li><strong>Zusatzkapitel: Herleitung der Wellenformel<\/strong><\/li>\n<\/ul>\n<p>F\u00fcr die Interessierten unter Ihnen gibt es hier noch ein <a href=\"http:\/\/ohne-heisse-luft.de\/wp-content\/uploads\/2018\/09\/Zusatz_Wellen.pdf\"><strong><span style=\"color: #e26c33;\">Zusatzkapitel mit der mathematischen Herleitung der Wellenleistung<\/span><\/strong><\/a>:<\/p>\n\n<hr \/>\n<ul>\n<li><strong>Quellen- und Bilderverzeichnis<\/strong><\/li>\n<\/ul>\n<p>Ebenfalls im Buch angek\u00fcndigt haben wir das Quellenverzeichnis als separate Datei online, so dass Sie direkt auf die angegebenen Internetseiten klicken k\u00f6nnen. <span style=\"color: #67b2c7;\"><strong><a style=\"color: #67b2c7;\" href=\"http:\/\/ohne-heisse-luft.de\/wp-content\/uploads\/2018\/09\/Quellenverzeichnis.pdf\">Quellen- und Bilderverzeichnis<\/a><\/strong><\/span><\/p>\n\n<hr \/>\n<ul>\n<li><strong>Weitere Links<\/strong><\/li>\n<\/ul>\n<p>Einige der grundlegende Ideen von \u201e<em>Erneuerbare Energien &#8211; ohne hei\u00dfe Luft\u201d<\/em> basieren auf dem Buch von David MacKay aus Cambridge aus dem Jahr 2008 (ebenfalls UIT Verlag Cambridge), auch wenn der gesamte Inhalt speziell f\u00fcr Deutschland neu geschrieben und neu konzipiert worden ist. Christian Holler kannte David MacKay aus seiner Zeit in Cambridge. David war begeistert von seiner Idee einer komplett neuen Version f\u00fcr Deutschland, erkrankte aber kurz danach schwer und starb im jungen Alter von 48 Jahren. Das kostenlose PDF des englischen Buches finden Sie <strong><a href=\"https:\/\/www.withouthotair.com\/\">hier<\/a><\/strong>.<\/p>\n<p>Es gibt viele \u00dcbersetzungen von David MacKays Buch, u.a. ins Deutsche. Auch diese Version finden Sie als kostenloses PDF, z.B. <a href=\"http:\/\/www.nachhaltige-energiegewinnung.spoererau.de\/\"><strong>hier<\/strong><\/a>.<\/p>\n","protected":false},"excerpt":{"rendered":"<p>Photos und Graphiken aus dem Buch zum Download Brauchen Sie Material f\u00fcr eine Vorlesung oder f\u00fcr den Unterricht? Unter diesem Link finden Sie \u00fcber 200 Photos und Graphiken aus unserem Buch (au\u00dfer den wenigen, die nicht weitergegeben werden d\u00fcrfen). Dabei sind in einer Liste entweder direkt die Internetquellen der Bilder angegeben oder Sie finden die &hellip; <\/p>\n<p class=\"link-more\"><a href=\"http:\/\/ohne-heisse-luft.de\/?page_id=347\" class=\"more-link\"><span class=\"screen-reader-text\">\u201eMaterial zum Buch\u201c <\/span>weiterlesen<\/a><\/p>\n","protected":false},"author":1,"featured_media":0,"parent":0,"menu_order":0,"comment_status":"closed","ping_status":"closed","template":"","meta":{"footnotes":""},"class_list":["post-347","page","type-page","status-publish","hentry"],"_links":{"self":[{"href":"http:\/\/ohne-heisse-luft.de\/index.php?rest_route=\/wp\/v2\/pages\/347","targetHints":{"allow":["GET"]}}],"collection":[{"href":"http:\/\/ohne-heisse-luft.de\/index.php?rest_route=\/wp\/v2\/pages"}],"about":[{"href":"http:\/\/ohne-heisse-luft.de\/index.php?rest_route=\/wp\/v2\/types\/page"}],"author":[{"embeddable":true,"href":"http:\/\/ohne-heisse-luft.de\/index.php?rest_route=\/wp\/v2\/users\/1"}],"replies":[{"embeddable":true,"href":"http:\/\/ohne-heisse-luft.de\/index.php?rest_route=%2Fwp%2Fv2%2Fcomments&post=347"}],"version-history":[{"count":23,"href":"http:\/\/ohne-heisse-luft.de\/index.php?rest_route=\/wp\/v2\/pages\/347\/revisions"}],"predecessor-version":[{"id":636,"href":"http:\/\/ohne-heisse-luft.de\/index.php?rest_route=\/wp\/v2\/pages\/347\/revisions\/636"}],"wp:attachment":[{"href":"http:\/\/ohne-heisse-luft.de\/index.php?rest_route=%2Fwp%2Fv2%2Fmedia&parent=347"}],"curies":[{"name":"wp","href":"https:\/\/api.w.org\/{rel}","templated":true}]}}