{"id":36,"date":"2018-06-29T20:09:28","date_gmt":"2018-06-29T20:09:28","guid":{"rendered":"http:\/\/ohne-heisse-luft.de\/?page_id=36"},"modified":"2018-09-27T06:37:45","modified_gmt":"2018-09-27T06:37:45","slug":"harald-lesch-professor-fernsehmoderator","status":"publish","type":"page","link":"http:\/\/ohne-heisse-luft.de\/?page_id=36","title":{"rendered":"Worum geht es?"},"content":{"rendered":"<p><strong><a href=\"http:\/\/ohne-heisse-luft.de\/wp-content\/uploads\/2018\/09\/Probeseiten3.pdf\"><img loading=\"lazy\" decoding=\"async\" class=\"wp-image-327 size-medium alignleft\" src=\"http:\/\/ohne-heisse-luft.de\/wp-content\/uploads\/2018\/09\/Probeseiten3-300x211.jpg\" alt=\"\" width=\"300\" height=\"211\" srcset=\"http:\/\/ohne-heisse-luft.de\/wp-content\/uploads\/2018\/09\/Probeseiten3-300x211.jpg 300w, http:\/\/ohne-heisse-luft.de\/wp-content\/uploads\/2018\/09\/Probeseiten3-768x540.jpg 768w, http:\/\/ohne-heisse-luft.de\/wp-content\/uploads\/2018\/09\/Probeseiten3-1024x721.jpg 1024w\" sizes=\"auto, (max-width: 300px) 100vw, 300px\" \/><\/a><\/strong><strong>\u201e<\/strong>Erneuerbare Energien &#8211; ohne hei\u00dfe Luft&#8220; bietet dem Leser einen unaufgeregten und faszinierenden Einblick in das Thema der erneuerbaren Energien. In einer humorvollen, lockeren Art werden alle M\u00f6glichkeiten, aber auch die Grenzen pr\u00e4sentiert, so dass der Leser ein echtes Verst\u00e4ndnis aufbauen und in jeder Diskussion zu diesem Thema ernsthaft mitreden kann.<\/p>\n<p><a href=\"http:\/\/ohne-heisse-luft.de\/wp-content\/uploads\/2018\/09\/Probeseiten1.pdf\"><img loading=\"lazy\" decoding=\"async\" class=\"wp-image-329 size-medium alignleft\" src=\"http:\/\/ohne-heisse-luft.de\/wp-content\/uploads\/2018\/09\/Probeseiten1-300x210.jpg\" alt=\"\" width=\"300\" height=\"210\" srcset=\"http:\/\/ohne-heisse-luft.de\/wp-content\/uploads\/2018\/09\/Probeseiten1-300x210.jpg 300w, http:\/\/ohne-heisse-luft.de\/wp-content\/uploads\/2018\/09\/Probeseiten1-768x538.jpg 768w, http:\/\/ohne-heisse-luft.de\/wp-content\/uploads\/2018\/09\/Probeseiten1-1024x718.jpg 1024w\" sizes=\"auto, (max-width: 300px) 100vw, 300px\" \/><\/a>Wie viel Energie ben\u00f6tigt unser moderner Lebensstil und k\u00f6nnen wir diesen \u00fcberhaupt aus erneuerbaren Quellen bestreiten? Welche M\u00f6glichkeiten zur Energiegewinnung gibt es, welche k\u00f6nnte es \u00fcberhaupt noch geben und wie gro\u00df ist deren Potenzial? Mit einem einfachen Kniff schaffen es die Autoren, dass man pl\u00f6tzlich alle noch so komplizierten Zahlen rund um das Thema der erneuerbaren Energien verstehen und einen Bezug dazu herstellen kann.<\/p>\n<p>Informationen finden Sie auf den Seiten des Verlags: <a href=\"https:\/\/www.uit.co.uk\/erneuerbare-energien--ohne-heisse-luft\">UIT Cambridge<\/a>, ISBN:\u00a09781906860882<\/p>\n<p>In Deutschland wird das Buch vertrieben durch den <a href=\"https:\/\/www.oekom.de\/nc\/buecher\/gesamtprogramm\/buch\/erneuerbare-energien.html#0\">Oekom Verlag<\/a>, ISBN-13: 978-3-96238-080-9<\/p>\n","protected":false},"excerpt":{"rendered":"<p>\u201eErneuerbare Energien &#8211; ohne hei\u00dfe Luft&#8220; bietet dem Leser einen unaufgeregten und faszinierenden Einblick in das Thema der erneuerbaren Energien. In einer humorvollen, lockeren Art werden alle M\u00f6glichkeiten, aber auch die Grenzen pr\u00e4sentiert, so dass der Leser ein echtes Verst\u00e4ndnis aufbauen und in jeder Diskussion zu diesem Thema ernsthaft mitreden kann. Wie viel Energie ben\u00f6tigt &hellip; <\/p>\n<p class=\"link-more\"><a href=\"http:\/\/ohne-heisse-luft.de\/?page_id=36\" class=\"more-link\"><span class=\"screen-reader-text\">\u201eWorum geht es?\u201c <\/span>weiterlesen<\/a><\/p>\n","protected":false},"author":1,"featured_media":0,"parent":0,"menu_order":0,"comment_status":"closed","ping_status":"closed","template":"","meta":{"footnotes":""},"class_list":["post-36","page","type-page","status-publish","hentry"],"_links":{"self":[{"href":"http:\/\/ohne-heisse-luft.de\/index.php?rest_route=\/wp\/v2\/pages\/36","targetHints":{"allow":["GET"]}}],"collection":[{"href":"http:\/\/ohne-heisse-luft.de\/index.php?rest_route=\/wp\/v2\/pages"}],"about":[{"href":"http:\/\/ohne-heisse-luft.de\/index.php?rest_route=\/wp\/v2\/types\/page"}],"author":[{"embeddable":true,"href":"http:\/\/ohne-heisse-luft.de\/index.php?rest_route=\/wp\/v2\/users\/1"}],"replies":[{"embeddable":true,"href":"http:\/\/ohne-heisse-luft.de\/index.php?rest_route=%2Fwp%2Fv2%2Fcomments&post=36"}],"version-history":[{"count":37,"href":"http:\/\/ohne-heisse-luft.de\/index.php?rest_route=\/wp\/v2\/pages\/36\/revisions"}],"predecessor-version":[{"id":565,"href":"http:\/\/ohne-heisse-luft.de\/index.php?rest_route=\/wp\/v2\/pages\/36\/revisions\/565"}],"wp:attachment":[{"href":"http:\/\/ohne-heisse-luft.de\/index.php?rest_route=%2Fwp%2Fv2%2Fmedia&parent=36"}],"curies":[{"name":"wp","href":"https:\/\/api.w.org\/{rel}","templated":true}]}}