{"id":86,"date":"2018-06-29T22:23:41","date_gmt":"2018-06-29T22:23:41","guid":{"rendered":"http:\/\/ohne-heisse-luft.de\/?page_id=86"},"modified":"2019-04-26T09:04:01","modified_gmt":"2019-04-26T09:04:01","slug":"bald-ist-es-soweit","status":"publish","type":"page","link":"http:\/\/ohne-heisse-luft.de\/","title":{"rendered":"\u00dcberall im Buchhandel und als kostenloses E-Book erh\u00e4ltlich!"},"content":{"rendered":"<p>Hier k\u00f6nnen Sie Probe lesen:<\/p>\n\n<p>In einer humorvollen, lockeren Art werden alle M\u00f6glichkeiten der erneuerbaren Energien, aber auch die Grenzen pr\u00e4sentiert: Sonnenenergie, Windenergie, Wasserkraft, Biomasse, Geothermie, Wellenkraft, Gezeitenenergie, Osmose, M\u00fcllverbrennung usw. Auch das Thema Energiespeicherung wird vorgestellt. K\u00f6nnten wir mit unserem Energieverbrauch \u00fcberhaupt nachhaltig leben? Dieses Buch macht Sie fit f\u00fcr jede Diskussion rund um die Themen Nachhaltigkeit, erneuerbare Energien und Klimawandel und macht dabei viel Spa\u00df zu lesen.<\/p>\n<p>Das <strong>kostenlose E-Book<\/strong> gibt es f\u00fcr Kindle <a href=\"https:\/\/www.amazon.de\/Erneuerbare-Energien-Ohne-Hei%C3%9Fe-Luft-ebook\/dp\/B07F952MY7\/ref=tmm_kin_swatch_0?_encoding=UTF8&amp;qid=1536244684&amp;sr=1-12\">hier<\/a> und f\u00fcr Tolino z.B. <a href=\"https:\/\/www.thalia.de\/shop\/home\/artikeldetails\/ID139447076.html?retn=thdehien:q2\">hier<\/a>! Nat\u00fcrlich k\u00f6nnen Sie dort auch das gedruckte Taschenbuch bestellen.<\/p>\n","protected":false},"excerpt":{"rendered":"<p>Hier k\u00f6nnen Sie Probe lesen: In einer humorvollen, lockeren Art werden alle M\u00f6glichkeiten der erneuerbaren Energien, aber auch die Grenzen pr\u00e4sentiert: Sonnenenergie, Windenergie, Wasserkraft, Biomasse, Geothermie, Wellenkraft, Gezeitenenergie, Osmose, M\u00fcllverbrennung usw. Auch das Thema Energiespeicherung wird vorgestellt. K\u00f6nnten wir mit unserem Energieverbrauch \u00fcberhaupt nachhaltig leben? Dieses Buch macht Sie fit f\u00fcr jede Diskussion rund um &hellip; <\/p>\n<p class=\"link-more\"><a href=\"http:\/\/ohne-heisse-luft.de\/\" class=\"more-link\"><span class=\"screen-reader-text\">\u201e\u00dcberall im Buchhandel und als kostenloses E-Book erh\u00e4ltlich!\u201c <\/span>weiterlesen<\/a><\/p>\n","protected":false},"author":1,"featured_media":0,"parent":0,"menu_order":0,"comment_status":"closed","ping_status":"closed","template":"","meta":{"footnotes":""},"class_list":["post-86","page","type-page","status-publish","hentry"],"_links":{"self":[{"href":"http:\/\/ohne-heisse-luft.de\/index.php?rest_route=\/wp\/v2\/pages\/86","targetHints":{"allow":["GET"]}}],"collection":[{"href":"http:\/\/ohne-heisse-luft.de\/index.php?rest_route=\/wp\/v2\/pages"}],"about":[{"href":"http:\/\/ohne-heisse-luft.de\/index.php?rest_route=\/wp\/v2\/types\/page"}],"author":[{"embeddable":true,"href":"http:\/\/ohne-heisse-luft.de\/index.php?rest_route=\/wp\/v2\/users\/1"}],"replies":[{"embeddable":true,"href":"http:\/\/ohne-heisse-luft.de\/index.php?rest_route=%2Fwp%2Fv2%2Fcomments&post=86"}],"version-history":[{"count":100,"href":"http:\/\/ohne-heisse-luft.de\/index.php?rest_route=\/wp\/v2\/pages\/86\/revisions"}],"predecessor-version":[{"id":649,"href":"http:\/\/ohne-heisse-luft.de\/index.php?rest_route=\/wp\/v2\/pages\/86\/revisions\/649"}],"wp:attachment":[{"href":"http:\/\/ohne-heisse-luft.de\/index.php?rest_route=%2Fwp%2Fv2%2Fmedia&parent=86"}],"curies":[{"name":"wp","href":"https:\/\/api.w.org\/{rel}","templated":true}]}}