{"id":90,"date":"2018-06-29T22:36:57","date_gmt":"2018-06-29T22:36:57","guid":{"rendered":"http:\/\/ohne-heisse-luft.de\/?page_id=90"},"modified":"2018-09-26T19:19:40","modified_gmt":"2018-09-26T19:19:40","slug":"weitere-stimmen","status":"publish","type":"page","link":"http:\/\/ohne-heisse-luft.de\/?page_id=90","title":{"rendered":"Weitere Stimmen"},"content":{"rendered":"<blockquote><p><span style=\"color: #e26c33; font-size: 18pt;\"><strong>\u201eWer das Wie und Warum der Energiewende erfahren will, der mussssss dieses Buch kaufen und lesen. Verstehen wird er und sie es sowieso. Den Autoren mein Lob und Dank.\u201c<\/strong><\/span><\/p><\/blockquote>\n<p><span style=\"color: #808080;\"><strong>Harald Lesch, Professor, Fernsehmoderator<\/strong><\/span><\/p>\n<hr \/>\n<blockquote><p><span style=\"font-size: 18pt;\"><strong><span style=\"color: #556d33;\">\u201eEndlich holt mich jemand bei meinen mageren Physikkenntnissen ab und bef\u00e4higt mich, an der Erneuerbare-Energien-Diskussion informiert teilzunehmen! Es ist wichtig zu verstehen, dass auch bei diesen Energien das Schlaraffenland nur im M\u00e4rchen vorkommt!\u201c<\/span><\/strong><\/span><\/p><\/blockquote>\n<p><span style=\"color: #808080;\"><strong>Felix Prinz zu L\u00f6wenstein, Agrarwissenschaftler, \u00d6ko-Landwirt (Naturland), Autor von \u201eFood Crash\u201c<\/strong><\/span><\/p>\n<hr \/>\n<blockquote><p><span style=\"color: #337387; font-size: 18pt;\"><strong>\u201eHoller und Gaukel sind keine Gaukler oder M\u00e4rchenerz\u00e4hler einer sch\u00f6nen neuen Energiewelt \u2013 sie zeigen verst\u00e4ndlich und wissenschaftlich fundiert den Stand und die Herausforderungen der Energiewende auf \u2013 und lenken den Blick wohltuend faktenbasiert auf die M\u00f6glichkeiten und Grenzen beim Ausbau der regenerativen Energien und dem Einsparen von Energie.\u201c<\/strong><\/span><\/p><\/blockquote>\n<p><span style=\"color: #808080;\"><strong>Gernot Gruber, Landtagsabgeordneter BW, Sprecher f\u00fcr Energie und Klimaschutz der SPD-Landtagsfraktion<\/strong><\/span><\/p>\n<hr \/>\n<blockquote><p><span style=\"color: #e26c33;\"><strong>\u201eWo ein Windrad aufgestellt werden soll, entsteht h\u00e4ufig ,Gegenwind\u2018. B\u00fcrgerinitiativen warnen vor der Verschandelung der Landschaft und sagen, dass erneuerbare Energien sowieso sinnlos sind. Nichts davon stimmt. Es ist also Zeit f\u00fcr ein Buch, das die Fakten zu den Erneuerbaren unaufgeregt und verst\u00e4ndlich darstellt.\u201c<\/strong><\/span><\/p><\/blockquote>\n<p><span style=\"color: #808080;\"><strong>Boris Palmer, Oberb\u00fcrgermeister von T\u00fcbingen, B\u00fcndnis 90 \/ Die Gr\u00fcnen<\/strong><\/span><\/p>\n<hr \/>\n<blockquote><p><span style=\"color: #556d33;\"><strong>\u201eEin sehr anschauliches Buch \u00fcber erneuerbare Energien, das auch f\u00fcr Laien verst\u00e4ndlich ist, Neugier weckt und viel Spa\u00df zu lesen macht.\u201c<\/strong><\/span><\/p><\/blockquote>\n<p><span style=\"color: #808080;\"><strong>Volker Quaschning, Professor, Experte f\u00fcr erneuerbare Energien<\/strong><\/span><\/p>\n<hr \/>\n<blockquote><p><span style=\"color: #337387;\"><strong>\u201eEin sehr informatives Buch, das einen echten \u00dcberblick \u00fcber die Erneuerbaren vermittelt, mit vielen Zahlen und Fakten, auf dass auch den nachfolgenden Generationen sprichw\u00f6rtlich ,nicht das Licht ausgeht\u2018.\u201c<\/strong><\/span><\/p><\/blockquote>\n<p><span style=\"color: #808080;\"><strong>Thomas Schneider, ehemaliger Co-Trainer der deutschen Fu\u00dfballnationalmannschaft<\/strong><\/span><\/p>\n<hr \/>\n<blockquote><p><span style=\"color: #e26c33;\"><strong>\u201eHoller und Gaukel zeigen eindrucksvoll: Bei der Energiewende kommt es auf jeden Einzelnen an. Und jeder Einzelne muss dabei verstehen, welches Engagement sich lohnt und welches nur hei\u00dfe Luft erzeugt.\u201c<\/strong><\/span><\/p><\/blockquote>\n<p><span style=\"color: #808080;\"><strong>Christoph G\u00f6bel, Landrat Landkreis M\u00fcnchen, CSU<\/strong><\/span><\/p>\n","protected":false},"excerpt":{"rendered":"<p>\u201eWer das Wie und Warum der Energiewende erfahren will, der mussssss dieses Buch kaufen und lesen. Verstehen wird er und sie es sowieso. Den Autoren mein Lob und Dank.\u201c Harald Lesch, Professor, Fernsehmoderator \u201eEndlich holt mich jemand bei meinen mageren Physikkenntnissen ab und bef\u00e4higt mich, an der Erneuerbare-Energien-Diskussion informiert teilzunehmen! Es ist wichtig zu verstehen, &hellip; <\/p>\n<p class=\"link-more\"><a href=\"http:\/\/ohne-heisse-luft.de\/?page_id=90\" class=\"more-link\"><span class=\"screen-reader-text\">\u201eWeitere Stimmen\u201c <\/span>weiterlesen<\/a><\/p>\n","protected":false},"author":1,"featured_media":0,"parent":0,"menu_order":0,"comment_status":"closed","ping_status":"closed","template":"","meta":{"footnotes":""},"class_list":["post-90","page","type-page","status-publish","hentry"],"_links":{"self":[{"href":"http:\/\/ohne-heisse-luft.de\/index.php?rest_route=\/wp\/v2\/pages\/90","targetHints":{"allow":["GET"]}}],"collection":[{"href":"http:\/\/ohne-heisse-luft.de\/index.php?rest_route=\/wp\/v2\/pages"}],"about":[{"href":"http:\/\/ohne-heisse-luft.de\/index.php?rest_route=\/wp\/v2\/types\/page"}],"author":[{"embeddable":true,"href":"http:\/\/ohne-heisse-luft.de\/index.php?rest_route=\/wp\/v2\/users\/1"}],"replies":[{"embeddable":true,"href":"http:\/\/ohne-heisse-luft.de\/index.php?rest_route=%2Fwp%2Fv2%2Fcomments&post=90"}],"version-history":[{"count":18,"href":"http:\/\/ohne-heisse-luft.de\/index.php?rest_route=\/wp\/v2\/pages\/90\/revisions"}],"predecessor-version":[{"id":506,"href":"http:\/\/ohne-heisse-luft.de\/index.php?rest_route=\/wp\/v2\/pages\/90\/revisions\/506"}],"wp:attachment":[{"href":"http:\/\/ohne-heisse-luft.de\/index.php?rest_route=%2Fwp%2Fv2%2Fmedia&parent=90"}],"curies":[{"name":"wp","href":"https:\/\/api.w.org\/{rel}","templated":true}]}}