{"id":94,"date":"2018-06-29T22:36:38","date_gmt":"2018-06-29T22:36:38","guid":{"rendered":"http:\/\/ohne-heisse-luft.de\/?page_id=94"},"modified":"2018-09-26T19:20:09","modified_gmt":"2018-09-26T19:20:09","slug":"autoren","status":"publish","type":"page","link":"http:\/\/ohne-heisse-luft.de\/?page_id=94","title":{"rendered":"Autoren"},"content":{"rendered":"<p><strong><img loading=\"lazy\" decoding=\"async\" class=\"alignright wp-image-95\" src=\"http:\/\/ohne-heisse-luft.de\/wp-content\/uploads\/2018\/06\/DSC03165-e1530311646982-199x300.jpg\" alt=\"\" width=\"150\" height=\"226\" \/><\/strong><span style=\"font-size: 18pt;\"><strong>Christian Holler\u00a0<\/strong><\/span>ist Physiker und promovierte 2003 in Radioastronomie an der Universit\u00e4t Cambridge. Aus dieser Zeit kennt er David MacKay und sein Buch \u201eSustainable Energy \u2013 without the hot air\u201c, das seine Begeisterung f\u00fcr das Thema erneuerbare Energien geweckt hat und ihn zu mehreren Vorlesungen inspirieren sollte.<\/p>\n<p>Daneben ist er an wirtschaftlichen Themen interessiert, absolvierte einen MBA und gr\u00fcndete erfolgreich eine Firma, bevor er wieder in die Astronomie an die Universit\u00e4t Oxford ging. Seit einigen Jahren ist Christian Holler Professor an der Hochschule M\u00fcnchen.<\/p>\n<p>Eine wichtige Erkenntnis aus diesem Buch \u2013 wo kann man im Privaten am effektivsten Energie einsparen \u2013 versucht er umzusetzen, indem er m\u00f6glichst viel mit \u00f6ffentlichen Verkehrsmitteln und der Bahn f\u00e4hrt, in Summe mehr als 10.000\u00a0km pro Jahr.<\/p>\n<p><strong><img loading=\"lazy\" decoding=\"async\" class=\"alignright wp-image-155\" src=\"http:\/\/ohne-heisse-luft.de\/wp-content\/uploads\/2018\/07\/JGaukel-225x300.jpg\" alt=\"\" width=\"150\" height=\"200\" \/>Joachim Gaukel<\/strong> ist Mathematiker und promovierte 2003 an der TU Darmstadt. Nach einigen Jahren in der Versicherungsbranche ist er nun Professor an der Hochschule Esslingen und h\u00e4lt neben Mathematik f\u00fcr Ingenieure auch Vorlesungen zu erneuerbaren Energien.<\/p>\n<p>F\u00fcr erneuerbare Energien interessiert er sich zeitlebens. Auch im privaten Leben nimmt er dieses Thema sehr ernst: Neben einer Photovoltaik- und Solarthermieanlage auf dem Dach geht Joachim Gaukel noch einen Schritt weiter: Er versucht fast alle Strecken mit dem Fahrrad zu fahren \u2013 im Jahr insgesamt immerhin 6000\u00a0km.<\/p>\n<p>&nbsp;<\/p>\n<p><strong>Wenn Sie wissen wollen, wie viel Energie beide damit jedes Jahr einsparen, und welcher Anteil das von ihrem Gesamtenergieverbrauch ist, dann lesen Sie doch dieses Buch.<\/strong><\/p>\n","protected":false},"excerpt":{"rendered":"<p>Christian Holler\u00a0ist Physiker und promovierte 2003 in Radioastronomie an der Universit\u00e4t Cambridge. Aus dieser Zeit kennt er David MacKay und sein Buch \u201eSustainable Energy \u2013 without the hot air\u201c, das seine Begeisterung f\u00fcr das Thema erneuerbare Energien geweckt hat und ihn zu mehreren Vorlesungen inspirieren sollte. Daneben ist er an wirtschaftlichen Themen interessiert, absolvierte einen &hellip; <\/p>\n<p class=\"link-more\"><a href=\"http:\/\/ohne-heisse-luft.de\/?page_id=94\" class=\"more-link\"><span class=\"screen-reader-text\">\u201eAutoren\u201c <\/span>weiterlesen<\/a><\/p>\n","protected":false},"author":1,"featured_media":0,"parent":0,"menu_order":0,"comment_status":"closed","ping_status":"closed","template":"","meta":{"footnotes":""},"class_list":["post-94","page","type-page","status-publish","hentry"],"_links":{"self":[{"href":"http:\/\/ohne-heisse-luft.de\/index.php?rest_route=\/wp\/v2\/pages\/94","targetHints":{"allow":["GET"]}}],"collection":[{"href":"http:\/\/ohne-heisse-luft.de\/index.php?rest_route=\/wp\/v2\/pages"}],"about":[{"href":"http:\/\/ohne-heisse-luft.de\/index.php?rest_route=\/wp\/v2\/types\/page"}],"author":[{"embeddable":true,"href":"http:\/\/ohne-heisse-luft.de\/index.php?rest_route=\/wp\/v2\/users\/1"}],"replies":[{"embeddable":true,"href":"http:\/\/ohne-heisse-luft.de\/index.php?rest_route=%2Fwp%2Fv2%2Fcomments&post=94"}],"version-history":[{"count":22,"href":"http:\/\/ohne-heisse-luft.de\/index.php?rest_route=\/wp\/v2\/pages\/94\/revisions"}],"predecessor-version":[{"id":507,"href":"http:\/\/ohne-heisse-luft.de\/index.php?rest_route=\/wp\/v2\/pages\/94\/revisions\/507"}],"wp:attachment":[{"href":"http:\/\/ohne-heisse-luft.de\/index.php?rest_route=%2Fwp%2Fv2%2Fmedia&parent=94"}],"curies":[{"name":"wp","href":"https:\/\/api.w.org\/{rel}","templated":true}]}}